{"id":855,"date":"2018-12-20T11:35:07","date_gmt":"2018-12-20T11:35:07","guid":{"rendered":"https:\/\/florenciabevilacqua.com\/index.php\/home\/"},"modified":"2024-11-11T14:42:55","modified_gmt":"2024-11-11T14:42:55","slug":"home","status":"publish","type":"page","link":"https:\/\/florenciabevilacqua.com\/","title":{"rendered":"Inicio"},"content":{"rendered":"\t\t<div data-elementor-type=\"wp-post\" data-elementor-id=\"855\" class=\"elementor elementor-855\">\n\t\t\t\t\t\t<div class=\"elementor-inner\">\n\t\t\t\t<div class=\"elementor-section-wrap\">\n\t\t\t\t\t\t\t\t\t<section class=\"elementor-section elementor-top-section elementor-element elementor-element-e3de0b6 elementor-section-boxed elementor-section-height-default elementor-section-height-default\" data-id=\"e3de0b6\" data-element_type=\"section\" data-settings=\"{&quot;background_background&quot;:&quot;slideshow&quot;,&quot;background_slideshow_gallery&quot;:[],&quot;background_slideshow_loop&quot;:&quot;yes&quot;,&quot;background_slideshow_slide_duration&quot;:5000,&quot;background_slideshow_slide_transition&quot;:&quot;fade&quot;,&quot;background_slideshow_transition_duration&quot;:500}\">\n\t\t\t\t\t\t\t<div class=\"elementor-background-overlay\"><\/div>\n\t\t\t\t\t\t\t<div class=\"elementor-container elementor-column-gap-default\">\n\t\t\t\t\t\t\t<div class=\"elementor-row\">\n\t\t\t\t\t<div class=\"elementor-column elementor-col-100 elementor-top-column elementor-element elementor-element-33d858d\" data-id=\"33d858d\" data-element_type=\"column\">\n\t\t\t<div class=\"elementor-column-wrap elementor-element-populated\">\n\t\t\t\t\t\t\t<div class=\"elementor-widget-wrap\">\n\t\t\t\t\t\t<div class=\"elementor-element elementor-element-faa048d animated-slow elementor-widget elementor-widget-heading\" data-id=\"faa048d\" data-element_type=\"widget\" data-settings=\"{&quot;_animation&quot;:&quot;none&quot;}\" data-widget_type=\"heading.default\">\n\t\t\t\t<div class=\"elementor-widget-container\">\n\t\t\t<h2 class=\"elementor-heading-title elementor-size-default\">Florencia Bevilacqua<\/h2>\t\t<\/div>\n\t\t\t\t<\/div>\n\t\t\t\t<div class=\"elementor-element elementor-element-ae86dc5 animated-slow elementor-widget elementor-widget-heading\" data-id=\"ae86dc5\" data-element_type=\"widget\" data-settings=\"{&quot;_animation&quot;:&quot;none&quot;}\" data-widget_type=\"heading.default\">\n\t\t\t\t<div class=\"elementor-widget-container\">\n\t\t\t<h3 class=\"elementor-heading-title elementor-size-default\"><h2 class=\"elementor-heading-title elementor-size-default elementor-inline-editing pen\" data-elementor-setting-key=\"title\" data-pen-placeholder=\"Teclea aqu\u00ed...\" style=\"font-style: normal; text-align: center;\">Psicoan\u00e1lisis y Cultura<\/h2><\/h3>\t\t<\/div>\n\t\t\t\t<\/div>\n\t\t\t\t\t\t<\/div>\n\t\t\t\t\t<\/div>\n\t\t<\/div>\n\t\t\t\t\t\t\t\t<\/div>\n\t\t\t\t\t<\/div>\n\t\t<\/section>\n\t\t\t\t<section class=\"elementor-section elementor-top-section elementor-element elementor-element-7e2535c elementor-section-boxed elementor-section-height-default elementor-section-height-default\" data-id=\"7e2535c\" data-element_type=\"section\">\n\t\t\t\t\t\t<div class=\"elementor-container elementor-column-gap-default\">\n\t\t\t\t\t\t\t<div class=\"elementor-row\">\n\t\t\t\t\t<div class=\"elementor-column elementor-col-50 elementor-top-column elementor-element elementor-element-f67f7e7\" data-id=\"f67f7e7\" data-element_type=\"column\">\n\t\t\t<div class=\"elementor-column-wrap elementor-element-populated\">\n\t\t\t\t\t\t\t<div class=\"elementor-widget-wrap\">\n\t\t\t\t\t\t<div class=\"elementor-element elementor-element-8ca5977 elementor-widget elementor-widget-e_image_hover_effects\" data-id=\"8ca5977\" data-element_type=\"widget\" data-widget_type=\"e_image_hover_effects.default\">\n\t\t\t\t<div class=\"elementor-widget-container\">\n\t\t\t\t\t\t<a href=\"https:\/\/florenciabevilacqua.com\/index.php\/sobre-mi\/\">\n\t\t\t\t\t<div class=\"eihe-box eihe-blur eihe_center\">\n\t\t\t\t<img width=\"1024\" height=\"1024\" src=\"https:\/\/florenciabevilacqua.com\/wp-content\/uploads\/2022\/12\/florencia_bevilacqua_inicio-3.png\" class=\"attachment-full size-full wp-image-2491\" alt=\"\" decoding=\"async\" loading=\"lazy\" srcset=\"https:\/\/florenciabevilacqua.com\/wp-content\/uploads\/2022\/12\/florencia_bevilacqua_inicio-3.png 1024w, https:\/\/florenciabevilacqua.com\/wp-content\/uploads\/2022\/12\/florencia_bevilacqua_inicio-3-300x300.png 300w, https:\/\/florenciabevilacqua.com\/wp-content\/uploads\/2022\/12\/florencia_bevilacqua_inicio-3-150x150.png 150w, https:\/\/florenciabevilacqua.com\/wp-content\/uploads\/2022\/12\/florencia_bevilacqua_inicio-3-768x768.png 768w\" sizes=\"(max-width: 1024px) 100vw, 1024px\" \/>\t\t\t\t<div class=\"eihe-caption\">\n\t\t\t\t\t<div class=\"eihe-title-cover\">\n\t\t\t\t\t\t\t\t\t\t\t\t<h3 class=\"eihe-title\">Sobre m\u00ed<\/h3>\n\t\t\t\t\t\t\t\t\t\t\t<\/div>\n\t\t\t\t\t<p><\/p>\n\t\t\t\t<\/div>\n\t\t\t<\/div>\n\t\t\t\t\t<\/a>\n\t\t\t\t<\/div>\n\t\t\t\t<\/div>\n\t\t\t\t\t\t<\/div>\n\t\t\t\t\t<\/div>\n\t\t<\/div>\n\t\t\t\t<div class=\"elementor-column elementor-col-50 elementor-top-column elementor-element elementor-element-ba76ad1\" data-id=\"ba76ad1\" data-element_type=\"column\">\n\t\t\t<div class=\"elementor-column-wrap elementor-element-populated\">\n\t\t\t\t\t\t\t<div class=\"elementor-widget-wrap\">\n\t\t\t\t\t\t<div class=\"elementor-element elementor-element-2a794b4 elementor-widget elementor-widget-e_image_hover_effects\" data-id=\"2a794b4\" data-element_type=\"widget\" data-widget_type=\"e_image_hover_effects.default\">\n\t\t\t\t<div class=\"elementor-widget-container\">\n\t\t\t\t\t\t<a href=\"https:\/\/florenciabevilacqua.com\/index.php\/psicoanalisis\/\">\n\t\t\t\t\t<div class=\"eihe-box eihe-blur eihe_center\">\n\t\t\t\t<img width=\"1024\" height=\"1024\" src=\"https:\/\/florenciabevilacqua.com\/wp-content\/uploads\/2022\/12\/florencia_bevilacqua_inicio-2.png\" class=\"attachment-full size-full wp-image-2490\" alt=\"\" decoding=\"async\" loading=\"lazy\" srcset=\"https:\/\/florenciabevilacqua.com\/wp-content\/uploads\/2022\/12\/florencia_bevilacqua_inicio-2.png 1024w, https:\/\/florenciabevilacqua.com\/wp-content\/uploads\/2022\/12\/florencia_bevilacqua_inicio-2-300x300.png 300w, https:\/\/florenciabevilacqua.com\/wp-content\/uploads\/2022\/12\/florencia_bevilacqua_inicio-2-150x150.png 150w, https:\/\/florenciabevilacqua.com\/wp-content\/uploads\/2022\/12\/florencia_bevilacqua_inicio-2-768x768.png 768w\" sizes=\"(max-width: 1024px) 100vw, 1024px\" \/>\t\t\t\t<div class=\"eihe-caption\">\n\t\t\t\t\t<div class=\"eihe-title-cover\">\n\t\t\t\t\t\t\t\t\t\t\t\t<h3 class=\"eihe-title\">Psicoan\u00e1lisis<\/h3>\n\t\t\t\t\t\t\t\t\t\t\t<\/div>\n\t\t\t\t\t<p><\/p>\n\t\t\t\t<\/div>\n\t\t\t<\/div>\n\t\t\t\t\t<\/a>\n\t\t\t\t<\/div>\n\t\t\t\t<\/div>\n\t\t\t\t\t\t<\/div>\n\t\t\t\t\t<\/div>\n\t\t<\/div>\n\t\t\t\t\t\t\t\t<\/div>\n\t\t\t\t\t<\/div>\n\t\t<\/section>\n\t\t\t\t<section class=\"elementor-section elementor-top-section elementor-element elementor-element-6e72352 elementor-section-boxed elementor-section-height-default elementor-section-height-default\" data-id=\"6e72352\" data-element_type=\"section\">\n\t\t\t\t\t\t<div class=\"elementor-container elementor-column-gap-default\">\n\t\t\t\t\t\t\t<div class=\"elementor-row\">\n\t\t\t\t\t<div class=\"elementor-column elementor-col-50 elementor-top-column elementor-element elementor-element-29c3977\" data-id=\"29c3977\" data-element_type=\"column\">\n\t\t\t<div class=\"elementor-column-wrap elementor-element-populated\">\n\t\t\t\t\t\t\t<div class=\"elementor-widget-wrap\">\n\t\t\t\t\t\t<div class=\"elementor-element elementor-element-11d5d4a elementor-widget elementor-widget-e_image_hover_effects\" data-id=\"11d5d4a\" data-element_type=\"widget\" data-widget_type=\"e_image_hover_effects.default\">\n\t\t\t\t<div class=\"elementor-widget-container\">\n\t\t\t\t\t\t<a href=\"https:\/\/florenciabevilacqua.com\/index.php\/modalidades\/\">\n\t\t\t\t\t<div class=\"eihe-box eihe-blur eihe_center\">\n\t\t\t\t<img width=\"1024\" height=\"1024\" src=\"https:\/\/florenciabevilacqua.com\/wp-content\/uploads\/2022\/12\/florencia_bevilacqua_inicio-1.png\" class=\"attachment-full size-full wp-image-2489\" alt=\"\" decoding=\"async\" loading=\"lazy\" srcset=\"https:\/\/florenciabevilacqua.com\/wp-content\/uploads\/2022\/12\/florencia_bevilacqua_inicio-1.png 1024w, https:\/\/florenciabevilacqua.com\/wp-content\/uploads\/2022\/12\/florencia_bevilacqua_inicio-1-300x300.png 300w, https:\/\/florenciabevilacqua.com\/wp-content\/uploads\/2022\/12\/florencia_bevilacqua_inicio-1-150x150.png 150w, https:\/\/florenciabevilacqua.com\/wp-content\/uploads\/2022\/12\/florencia_bevilacqua_inicio-1-768x768.png 768w\" sizes=\"(max-width: 1024px) 100vw, 1024px\" \/>\t\t\t\t<div class=\"eihe-caption\">\n\t\t\t\t\t<div class=\"eihe-title-cover\">\n\t\t\t\t\t\t\t\t\t\t\t\t<h3 class=\"eihe-title\">Modalidades<\/h3>\n\t\t\t\t\t\t\t\t\t\t\t<\/div>\n\t\t\t\t\t<p><\/p>\n\t\t\t\t<\/div>\n\t\t\t<\/div>\n\t\t\t\t\t<\/a>\n\t\t\t\t<\/div>\n\t\t\t\t<\/div>\n\t\t\t\t\t\t<\/div>\n\t\t\t\t\t<\/div>\n\t\t<\/div>\n\t\t\t\t<div class=\"elementor-column elementor-col-50 elementor-top-column elementor-element elementor-element-622408b\" data-id=\"622408b\" data-element_type=\"column\">\n\t\t\t<div class=\"elementor-column-wrap elementor-element-populated\">\n\t\t\t\t\t\t\t<div class=\"elementor-widget-wrap\">\n\t\t\t\t\t\t<div class=\"elementor-element elementor-element-3a47d89 elementor-widget elementor-widget-e_image_hover_effects\" data-id=\"3a47d89\" data-element_type=\"widget\" data-widget_type=\"e_image_hover_effects.default\">\n\t\t\t\t<div class=\"elementor-widget-container\">\n\t\t\t\t\t\t<a href=\"https:\/\/florenciabevilacqua.com\/index.php\/contacto\/\">\n\t\t\t\t\t<div class=\"eihe-box eihe-blur eihe_center\">\n\t\t\t\t<img width=\"1024\" height=\"1024\" src=\"https:\/\/florenciabevilacqua.com\/wp-content\/uploads\/2022\/12\/florencia_bevilacqua_inicio-4.png\" class=\"attachment-full size-full wp-image-2492\" alt=\"\" decoding=\"async\" loading=\"lazy\" srcset=\"https:\/\/florenciabevilacqua.com\/wp-content\/uploads\/2022\/12\/florencia_bevilacqua_inicio-4.png 1024w, https:\/\/florenciabevilacqua.com\/wp-content\/uploads\/2022\/12\/florencia_bevilacqua_inicio-4-300x300.png 300w, https:\/\/florenciabevilacqua.com\/wp-content\/uploads\/2022\/12\/florencia_bevilacqua_inicio-4-150x150.png 150w, https:\/\/florenciabevilacqua.com\/wp-content\/uploads\/2022\/12\/florencia_bevilacqua_inicio-4-768x768.png 768w\" sizes=\"(max-width: 1024px) 100vw, 1024px\" \/>\t\t\t\t<div class=\"eihe-caption\">\n\t\t\t\t\t<div class=\"eihe-title-cover\">\n\t\t\t\t\t\t\t\t\t\t\t\t<h3 class=\"eihe-title\">Contacto<\/h3>\n\t\t\t\t\t\t\t\t\t\t\t<\/div>\n\t\t\t\t\t<p><\/p>\n\t\t\t\t<\/div>\n\t\t\t<\/div>\n\t\t\t\t\t<\/a>\n\t\t\t\t<\/div>\n\t\t\t\t<\/div>\n\t\t\t\t\t\t<\/div>\n\t\t\t\t\t<\/div>\n\t\t<\/div>\n\t\t\t\t\t\t\t\t<\/div>\n\t\t\t\t\t<\/div>\n\t\t<\/section>\n\t\t\t\t<section class=\"elementor-section elementor-top-section elementor-element elementor-element-474cfa1 elementor-section-boxed elementor-section-height-default elementor-section-height-default\" data-id=\"474cfa1\" data-element_type=\"section\">\n\t\t\t\t\t\t<div class=\"elementor-container elementor-column-gap-default\">\n\t\t\t\t\t\t\t<div class=\"elementor-row\">\n\t\t\t\t\t<div class=\"elementor-column elementor-col-33 elementor-top-column elementor-element elementor-element-1fae2b5\" data-id=\"1fae2b5\" data-element_type=\"column\">\n\t\t\t<div class=\"elementor-column-wrap elementor-element-populated\">\n\t\t\t\t\t\t\t<div class=\"elementor-widget-wrap\">\n\t\t\t\t\t\t<div class=\"elementor-element elementor-element-b69a867 elementor-position-left elementor-vertical-align-top elementor-widget elementor-widget-image-box\" data-id=\"b69a867\" data-element_type=\"widget\" data-widget_type=\"image-box.default\">\n\t\t\t\t<div class=\"elementor-widget-container\">\n\t\t\t<div class=\"elementor-image-box-wrapper\"><figure class=\"elementor-image-box-img\"><img decoding=\"async\" width=\"254\" height=\"258\" src=\"https:\/\/florenciabevilacqua.com\/wp-content\/uploads\/2022\/12\/01.png\" class=\"attachment-full size-full wp-image-2682\" alt=\"\" loading=\"lazy\" \/><\/figure><div class=\"elementor-image-box-content\"><p class=\"elementor-image-box-description\">El encuentro psicoanal\u00edtico ofrece un espacio \u00edntimo y seguro para ser y estar... un descanso en medio de la demandante exposici\u00f3n actual.<\/p><\/div><\/div>\t\t<\/div>\n\t\t\t\t<\/div>\n\t\t\t\t\t\t<\/div>\n\t\t\t\t\t<\/div>\n\t\t<\/div>\n\t\t\t\t<div class=\"elementor-column elementor-col-33 elementor-top-column elementor-element elementor-element-5ad9c0f\" data-id=\"5ad9c0f\" data-element_type=\"column\">\n\t\t\t<div class=\"elementor-column-wrap elementor-element-populated\">\n\t\t\t\t\t\t\t<div class=\"elementor-widget-wrap\">\n\t\t\t\t\t\t<div class=\"elementor-element elementor-element-1ffbaa9 elementor-position-left elementor-vertical-align-top elementor-widget elementor-widget-image-box\" data-id=\"1ffbaa9\" data-element_type=\"widget\" data-widget_type=\"image-box.default\">\n\t\t\t\t<div class=\"elementor-widget-container\">\n\t\t\t<div class=\"elementor-image-box-wrapper\"><figure class=\"elementor-image-box-img\"><img decoding=\"async\" width=\"275\" height=\"258\" src=\"https:\/\/florenciabevilacqua.com\/wp-content\/uploads\/2022\/12\/02.png\" class=\"attachment-full size-full wp-image-2683\" alt=\"\" loading=\"lazy\" \/><\/figure><div class=\"elementor-image-box-content\"><p class=\"elementor-image-box-description\">El rigor de la disciplina psicoanal\u00edtica sostiene una pr\u00e1ctica respetuosa y formal, lo cual, no elimina la cercan\u00eda necesaria para el trabajo vincular entre dos personas.<\/p><\/div><\/div>\t\t<\/div>\n\t\t\t\t<\/div>\n\t\t\t\t\t\t<\/div>\n\t\t\t\t\t<\/div>\n\t\t<\/div>\n\t\t\t\t<div class=\"elementor-column elementor-col-33 elementor-top-column elementor-element elementor-element-adc5086\" data-id=\"adc5086\" data-element_type=\"column\">\n\t\t\t<div class=\"elementor-column-wrap elementor-element-populated\">\n\t\t\t\t\t\t\t<div class=\"elementor-widget-wrap\">\n\t\t\t\t\t\t<div class=\"elementor-element elementor-element-6be4a0f elementor-position-left elementor-vertical-align-top elementor-widget elementor-widget-image-box\" data-id=\"6be4a0f\" data-element_type=\"widget\" data-widget_type=\"image-box.default\">\n\t\t\t\t<div class=\"elementor-widget-container\">\n\t\t\t<div class=\"elementor-image-box-wrapper\"><figure class=\"elementor-image-box-img\"><img decoding=\"async\" width=\"276\" height=\"258\" src=\"https:\/\/florenciabevilacqua.com\/wp-content\/uploads\/2022\/12\/03.png\" class=\"attachment-full size-full wp-image-2684\" alt=\"\" loading=\"lazy\" \/><\/figure><div class=\"elementor-image-box-content\"><p class=\"elementor-image-box-description\">La idea de un psicoan\u00e1lisis obsoleto parte de la desinformaci\u00f3n; la experiencia y la formaci\u00f3n continua prometen maneras actuales y creativas de trabajar con la autoexploraci\u00f3n como herramienta para el bienestar.<\/p><\/div><\/div>\t\t<\/div>\n\t\t\t\t<\/div>\n\t\t\t\t\t\t<\/div>\n\t\t\t\t\t<\/div>\n\t\t<\/div>\n\t\t\t\t\t\t\t\t<\/div>\n\t\t\t\t\t<\/div>\n\t\t<\/section>\n\t\t\t\t\t\t\t\t\t<\/div>\n\t\t\t<\/div>\n\t\t\t\t\t<\/div>\n\t\t","protected":false},"excerpt":{"rendered":"<p>Florencia Bevilacqua Psicoan\u00e1lisis y Cultura Sobre m\u00ed Psicoan\u00e1lisis Modalidades Contacto El encuentro psicoanal\u00edtico ofrece un espacio \u00edntimo y seguro para ser y estar&#8230; un descanso en medio de la demandante exposici\u00f3n actual. El rigor de la disciplina psicoanal\u00edtica sostiene una pr\u00e1ctica respetuosa y formal, lo cual, no elimina la cercan\u00eda necesaria para el trabajo vincular &hellip;<\/p>\n<p class=\"read-more\"> <a class=\"\" href=\"https:\/\/florenciabevilacqua.com\/\"> <span class=\"screen-reader-text\">Inicio<\/span> Read More &raquo;<\/a><\/p>\n","protected":false},"author":1,"featured_media":0,"parent":0,"menu_order":0,"comment_status":"closed","ping_status":"closed","template":"","meta":{"_uag_custom_page_level_css":""},"uagb_featured_image_src":{"full":false,"thumbnail":false,"medium":false,"medium_large":false,"large":false,"1536x1536":false,"2048x2048":false},"uagb_author_info":{"display_name":"psiflorenciabevilacqua@gmail.com","author_link":"https:\/\/florenciabevilacqua.com\/index.php\/author\/psiflorenciabevilacquagmail-com\/"},"uagb_comment_info":0,"uagb_excerpt":"Florencia Bevilacqua Psicoan\u00e1lisis y Cultura Sobre m\u00ed Psicoan\u00e1lisis Modalidades Contacto El encuentro psicoanal\u00edtico ofrece un espacio \u00edntimo y seguro para ser y estar&#8230; un descanso en medio de la demandante exposici\u00f3n actual. El rigor de la disciplina psicoanal\u00edtica sostiene una pr\u00e1ctica respetuosa y formal, lo cual, no elimina la cercan\u00eda necesaria para el trabajo vincular&hellip;","_links":{"self":[{"href":"https:\/\/florenciabevilacqua.com\/index.php\/wp-json\/wp\/v2\/pages\/855"}],"collection":[{"href":"https:\/\/florenciabevilacqua.com\/index.php\/wp-json\/wp\/v2\/pages"}],"about":[{"href":"https:\/\/florenciabevilacqua.com\/index.php\/wp-json\/wp\/v2\/types\/page"}],"author":[{"embeddable":true,"href":"https:\/\/florenciabevilacqua.com\/index.php\/wp-json\/wp\/v2\/users\/1"}],"replies":[{"embeddable":true,"href":"https:\/\/florenciabevilacqua.com\/index.php\/wp-json\/wp\/v2\/comments?post=855"}],"version-history":[{"count":164,"href":"https:\/\/florenciabevilacqua.com\/index.php\/wp-json\/wp\/v2\/pages\/855\/revisions"}],"predecessor-version":[{"id":3057,"href":"https:\/\/florenciabevilacqua.com\/index.php\/wp-json\/wp\/v2\/pages\/855\/revisions\/3057"}],"wp:attachment":[{"href":"https:\/\/florenciabevilacqua.com\/index.php\/wp-json\/wp\/v2\/media?parent=855"}],"curies":[{"name":"wp","href":"https:\/\/api.w.org\/{rel}","templated":true}]}}