{"id":613,"date":"2021-08-18T19:45:47","date_gmt":"2021-08-18T19:45:47","guid":{"rendered":"http:\/\/florenciabevilacqua.com\/?page_id=613"},"modified":"2022-12-10T18:22:22","modified_gmt":"2022-12-10T18:22:22","slug":"cookies-policy","status":"publish","type":"page","link":"https:\/\/florenciabevilacqua.com\/index.php\/cookies-policy\/","title":{"rendered":"Pol\u00edtica de cookies"},"content":{"rendered":"\t\t<div data-elementor-type=\"wp-page\" data-elementor-id=\"613\" class=\"elementor elementor-613\">\n\t\t\t\t\t\t<div class=\"elementor-inner\">\n\t\t\t\t<div class=\"elementor-section-wrap\">\n\t\t\t\t\t\t\t\t\t<section class=\"elementor-section elementor-top-section elementor-element elementor-element-2aa7f3df elementor-section-boxed elementor-section-height-default elementor-section-height-default\" data-id=\"2aa7f3df\" data-element_type=\"section\">\n\t\t\t\t\t\t<div class=\"elementor-container elementor-column-gap-default\">\n\t\t\t\t\t\t\t<div class=\"elementor-row\">\n\t\t\t\t\t<div class=\"elementor-column elementor-col-100 elementor-top-column elementor-element elementor-element-765688de\" data-id=\"765688de\" data-element_type=\"column\">\n\t\t\t<div class=\"elementor-column-wrap elementor-element-populated\">\n\t\t\t\t\t\t\t<div class=\"elementor-widget-wrap\">\n\t\t\t\t\t\t<div class=\"elementor-element elementor-element-5783c6bd elementor-widget elementor-widget-text-editor\" data-id=\"5783c6bd\" data-element_type=\"widget\" data-widget_type=\"text-editor.default\">\n\t\t\t\t<div class=\"elementor-widget-container\">\n\t\t\t\t\t\t\t\t<div class=\"elementor-text-editor elementor-clearfix\">\n\t\t\t\t<!-- wp:paragraph -->\n<p><strong>1.&nbsp;<\/strong><strong>WHAT ARE THE COOKIES?<\/strong><\/p>\n<!-- \/wp:paragraph -->\n\n<!-- wp:paragraph -->\n<p>Cookies are small files of data that are received in the terminal from the visited website and are used to register certain interactions of the navigation in a website storing data that can be updated and recovered. These files are stored on the user\u2019s computer and contain anonymous data that is not detrimental to your computer. They are used to remember the user\u2019s preferences, such as the selected language, access data or personalization of the page.<\/p>\n<!-- \/wp:paragraph -->\n\n<!-- wp:paragraph -->\n<p>Cookies can also be used to register anonymous information about how a visitor uses a site. For example, from which web page you have accessed, or if you have used an advertising banner to arrive.<\/p>\n<!-- \/wp:paragraph -->\n\n<!-- wp:paragraph -->\n<p><strong>2.&nbsp;<\/strong><strong>WHY DO WE USE COOKIES?<\/strong><\/p>\n<!-- \/wp:paragraph -->\n\n<!-- wp:paragraph -->\n<p><a href=\"https:\/\/gbrodt.squarespace.com\/\"><strong>http:\/\/florenciabevilacqua.com\/ <\/strong><\/a><strong>&nbsp;<\/strong>uses strictly necessary and essential cookies on our websites that allow you to move freely, use safe areas, custom options, etc. In addition,&nbsp;<a href=\"https:\/\/gbrodt.squarespace.com\/\"><strong>http:\/\/florenciabevilacqua.com\/ <\/strong><\/a><strong>&nbsp;<\/strong>uses cookies that collect data related to the analysis of the use of the web. These are used to help improve customer service, measuring the use and performance of the page, to optimise and customise it.<\/p>\n<!-- \/wp:paragraph -->\n\n<!-- wp:paragraph -->\n<p>Our sites can also have links to social networks (such as Facebook or Twitter)&nbsp;<a href=\"https:\/\/gbrodt.squarespace.com\/\"><strong>http:\/\/florenciabevilacqua.com\/ <\/strong><\/a><strong>&nbsp;<\/strong>does not control the cookies used by these external websites.<\/p>\n<!-- \/wp:paragraph -->\n\n<!-- wp:paragraph -->\n<p>For more information about cookies from social networks or other websites, we advise you to review your own cookies policies.<\/p>\n<!-- \/wp:paragraph -->\n\n<!-- wp:paragraph -->\n<p>This website uses \u201ccookies\u201d as follows:<\/p>\n<!-- \/wp:paragraph -->\n\n<!-- wp:list -->\n<ul><li>Google Cookie ANALYTICS:&nbsp;Google ANALYTICS is a free service offered by Google Inc. that collects information about the pages of the web consulted, at what time and which web browser, etc. Subsequently, this information is sent to Google Inc. servers. to the United States.<\/li><li>\u201cAdd-this\u201d application cookies:&nbsp;Add-this is a free service that allows you to share pages from this website through different means (email, social networks, etc.). Add-This compiles statistical information on your navigation to provide advertising tailored to your browsing habits on this website or elsewhere.<\/li><\/ul>\n<!-- \/wp:list -->\n\n<!-- wp:paragraph -->\n<p><strong>3.&nbsp;<\/strong><strong>WHAT DO WE USE THE DIFFERENT TYPES OF COOKIES FOR?<\/strong><\/p>\n<!-- \/wp:paragraph -->\n\n<!-- wp:paragraph -->\n<p>According to their purpose:<\/p>\n<!-- \/wp:paragraph -->\n\n<!-- wp:list -->\n<ul><li><strong>Technical cookies:<\/strong>&nbsp;The technical cookies are those essential and strictly necessary for the proper functioning of a web portal and the use of the different options and services it offers. For example, those that serve for session maintenance, response time management, performance or validation of options, use security elements, share content with social networks, etc.<\/li><li><strong>Personalization cookies<\/strong>: These cookies allow the user to specify or customize some features of the general options of the web page, for example, to define the language, regional configuration or type of browser.<\/li><li><strong>Analytical Cookies<\/strong>: Analytical cookies are those used by our web portal, to develop navigation profiles and to know the user\u2019s preferences in order to improve the offer of products and services. For example, by means of an analytical cookie the geographic areas of greater interest of a user would be controlled, which is the product of more acceptance, etc.<\/li><li><strong>Advertising \/ advertising cookies:&nbsp;<\/strong>Advertising cookies allow the management of advertising spaces based on specific criteria. For example, access frequency, edited content, etc. Advertising cookies allow advertising management to store information about behaviour through observation of habits, studying accesses and forming a profile of user preferences, to offer advertising related to the interests of its users profile<\/li><\/ul>\n<!-- \/wp:list -->\n\n<!-- wp:paragraph -->\n<p>According to their purpose:&nbsp;<\/p>\n<!-- \/wp:paragraph -->\n\n<!-- wp:list -->\n<ul><li><strong>Session Cookies:<\/strong>&nbsp;Session cookies are those that last for as long as the user is browsing the web page and they are deleted in the term.<\/li><li><strong>Persistent cookies:<\/strong>&nbsp;These cookies are stored in the user\u2019s terminal for a longer time, thus facilitating the control of the chosen preferences without having to repeat certain parameters every time the website is visited.<\/li><\/ul>\n<!-- \/wp:list -->\n\n<!-- wp:paragraph -->\n<p><strong>4.&nbsp;<\/strong><strong>IF YOU DO NOT LIKE TO HAVE THESE COOKIES OR DO NOT RESET IN THIS RESPECT?<\/strong><\/p>\n<!-- \/wp:paragraph -->\n\n<!-- wp:paragraph -->\n<p>To comply with current legislation, we have to request your permission to manage cookies. If you decide not to authorize the treatment indicating the non-conformity, we would only use the technical cookies, as they are essential for browsing our website. In this case, we would not store any cookies. In the case of continuing to browse our website without denying your authorization implies accepting its use.<\/p>\n<!-- \/wp:paragraph -->\n\n<!-- wp:paragraph -->\n<p>Keep in mind that if you refuse or delete cookies for browsing the Web, we will not be able to maintain your preferences and some features of the pages will not be operational. We will not be able to offer personalized services and every time you navigate through our website, we will have to request again your authorization for the use of cookies.<\/p>\n<!-- \/wp:paragraph -->\n\n<!-- wp:paragraph -->\n<p>If you still decide to modify the configuration of your access to the web page, you should know that it is possible to delete cookies or prevent them from registering on your computer at any time by modifying the settings of your browser:<\/p>\n<!-- \/wp:paragraph -->\n\n<!-- wp:list -->\n<ul><li><a href=\"https:\/\/support.microsoft.com\/es-es\/help\/17442\/windows-internet-explorer-delete-manage-cookies\">Configuraci\u00f3n de cookies de Internet Explorer.<\/a><\/li><li><a href=\"https:\/\/support.mozilla.org\/es\/kb\/habilitar-y-deshabilitar-cookies-sitios-web-rastrear-preferencias\">Configuraci\u00f3n de cookies de Firefox.<\/a><\/li><li><a href=\"https:\/\/support.google.com\/chrome\/answer\/95647?co=GENIE.Platform%3DDesktop&amp;hl=es-419\">Configuraci\u00f3n de cookies de Google Chrome.<\/a><\/li><li><a href=\"https:\/\/support.apple.com\/es-es\/guide\/safari\/sfri11471\/mac\">Configuraci\u00f3n de cookies de Safari.<\/a><\/li><\/ul>\n<!-- \/wp:list -->\n\n<!-- wp:paragraph -->\n<p>These browsers are subject to updates or modifications, so we cannot guarantee that they fully conform to the version of your browser. You may also use another browser not contemplated in these links, such as Konqueror, Arora, Flock, etc. To avoid these mismatches, you can access directly from the options of your browser that is usually found in the Options menu, in the \u201cPrivacy\u201d section. (Please see the help of your browser for more information.)<\/p>\n<!-- \/wp:paragraph -->\n\n<!-- wp:paragraph -->\n<p><strong>5.&nbsp;<\/strong><strong>WHERE CAN I GET MORE INFORMATION?<\/strong><\/p>\n<!-- \/wp:paragraph -->\n\n<!-- wp:paragraph -->\n<p>You can find more information about cookies at:<\/p>\n<!-- \/wp:paragraph -->\n\n<!-- wp:paragraph -->\n<p><a href=\"http:\/\/www.allaboutcookies.org\/\">www.allaboutcookies.org<\/a>&nbsp;o&nbsp;<a href=\"http:\/\/www.youronlinecho\">www.youronlinechoices.eu.<\/a><\/p>\n<!-- \/wp:paragraph -->\n\n<!-- wp:paragraph -->\n<p><strong>POL\u00cdTICA DE COOKIES<\/strong><\/p>\n<!-- \/wp:paragraph -->\n\n<!-- wp:paragraph -->\n<p>(EL AVISO INICIAL ES PARA MOSTRAR AL USUARIO CUANDO ACCEDE A NUESTRA WEB POR PRIMERA VEZ)<\/p>\n<!-- \/wp:paragraph -->\n\n<!-- wp:paragraph -->\n<p><strong>AVISO INICIAL DE LA POL\u00cdTICA DE COOKIES<\/strong><\/p>\n<!-- \/wp:paragraph -->\n\n<!-- wp:paragraph -->\n<p><a href=\"https:\/\/gbrodt.squarespace.com\/\"><strong>http:\/\/florenciabevilacqua.com\/ <\/strong><\/a><strong>&nbsp;<\/strong>utiliza &#8220;<strong>COOKIES<\/strong>&#8221; para garantizar el correcto funcionamiento de nuestro portal web, para mejorar la seguridad, para lograr una mayor eficiencia y personalizaci\u00f3n, para recoger datos estad\u00edsticos y para mostrar publicidad relevante.<\/p>\n<!-- \/wp:paragraph -->\n\n<!-- wp:paragraph -->\n<p>Si contin\u00faa navegando o presiona el bot\u00f3n &#8220;<strong>ACEPTAR<\/strong>&#8220;, consideraremos que acepta todo su uso.&nbsp;<\/p>\n<!-- \/wp:paragraph -->\n\n<!-- wp:paragraph -->\n<p><strong>NOTA<\/strong>: Puede obtener m\u00e1s informaci\u00f3n sobre nuestra <strong>POL\u00cdTICA DE COOKIES<\/strong> (enlace) en la parte inferior de la p\u00e1gina.<\/p>\n<!-- \/wp:paragraph -->\n\n<!-- wp:list {\"ordered\":true} -->\n<ol><li><strong>\u00bfQUE SON LAS COOKIES?<\/strong><\/li><\/ol>\n<!-- \/wp:list -->\n\n<!-- wp:paragraph -->\n<p>Las cookies son peque\u00f1os archivos de datos que se reciben en el terminal desde el sitio web visitado y se usan para registrar ciertas interacciones de la navegaci\u00f3n en un sitio web almacenando datos que podr\u00e1n ser actualizados y recuperados. Estos archivos se almacenan en el ordenador del usuario y contiene datos an\u00f3nimos que no son perjudiciales para su equipo. Se utilizan para recordar las preferencias del usuario, como el idioma seleccionado, datos de acceso o personalizaci\u00f3n de la p\u00e1gina.<\/p>\n<!-- \/wp:paragraph -->\n\n<!-- wp:paragraph -->\n<p>Las cookies tambi\u00e9n pueden ser utilizadas para registrar informaci\u00f3n an\u00f3nima sobre c\u00f3mo un visitante utiliza un sitio. Por ejemplo, desde qu\u00e9 p\u00e1gina web ha accedido, o si ha utilizado un &#8220;banner&#8221; publicitario para llegar.<\/p>\n<!-- \/wp:paragraph -->\n\n<!-- wp:list {\"ordered\":true,\"start\":2} -->\n<ol start=\"2\"><li><strong>\u00bfPOR QUE UTILIZAMOS COOKIES?<\/strong><\/li><\/ol>\n<!-- \/wp:list -->\n\n<!-- wp:paragraph -->\n<p><a href=\"https:\/\/gbrodt.squarespace.com\/\"><strong>http:\/\/florenciabevilacqua.com\/ <\/strong><\/a><strong>&nbsp;<\/strong>utiliza cookies estrictamente necesarias y esenciales para que utilice nuestros sitios web y le permitan moverse libremente, utilizar \u00e1reas seguras, opciones personalizadas, etc. Adem\u00e1s, <a href=\"https:\/\/gbrodt.squarespace.com\/\"><strong>http:\/\/florenciabevilacqua.com\/ <\/strong><\/a><strong>&nbsp;&nbsp;<\/strong>utiliza cookies que recogen datos relativos al an\u00e1lisis de uso de la web. Estas se utilizan para ayudar a mejorar el servicio al cliente, midiendo el uso y el rendimiento de la p\u00e1gina, para optimizarla y personalizarla.<\/p>\n<!-- \/wp:paragraph -->\n\n<!-- wp:paragraph -->\n<p>Nuestros sitios tambi\u00e9n pueden tener enlaces de redes sociales (como Facebook o Twitter). <a href=\"https:\/\/gbrodt.squarespace.com\/\"><strong>http:\/\/florenciabevilacqua.com\/ <\/strong><\/a><strong>&nbsp;<\/strong>no controla las cookies utilizadas por estas webs externas. Para m\u00e1s informaci\u00f3n sobre las cookies de las redes sociales u otras Webs ajenas, aconsejamos revisar sus propias pol\u00edticas de cookies.<\/p>\n<!-- \/wp:paragraph -->\n\n<!-- wp:paragraph -->\n<p>Este sitio web utiliza &#8220;cookies&#8221; de la siguiente manera:<\/p>\n<!-- \/wp:paragraph -->\n\n<!-- wp:paragraph -->\n<p>\u2022 Cookie de Google ANALYTICS: Google ANALYTICS es un servicio gratuito que ofrece Google Inc. y que recoge informaci\u00f3n sobre las p\u00e1ginas de la web consultada, a qu\u00e9 hora, qu\u00e9 navegador Web, etc. Posteriormente, esta informaci\u00f3n se env\u00eda a los servidores de Google Inc. en Estados Unidos.<\/p>\n<!-- \/wp:paragraph -->\n\n<!-- wp:paragraph -->\n<p>\u2022 Cookies de aplicaci\u00f3n &#8220;Add-this&#8221;: Add-this es un servicio gratuito que le permite compartir p\u00e1ginas de este sitio web por diferentes medios (correo electr\u00f3nico, redes sociales, etc.). Add-his recoge informaci\u00f3n estad\u00edstica de su navegaci\u00f3n para proporcionar publicidad adaptada a sus h\u00e1bitos de navegaci\u00f3n en este sitio web o en cualquier otro lugar.<\/p>\n<!-- \/wp:paragraph -->\n\n<!-- wp:list {\"ordered\":true,\"start\":3} -->\n<ol start=\"3\"><li><strong>\u00bfQUE USO LE DAMOS A LOS DIFERENTES TIPOS DE COOKIES?<\/strong><\/li><\/ol>\n<!-- \/wp:list -->\n\n<!-- wp:paragraph -->\n<p><strong>Seg\u00fan su finalidad:<\/strong><\/p>\n<!-- \/wp:paragraph -->\n\n<!-- wp:paragraph -->\n<p>\u2022 Cookies t\u00e9cnicas: Las cookies t\u00e9cnicas son aquellas imprescindibles y estrictamente necesarias para el correcto funcionamiento de un portal web y la utilizaci\u00f3n de las diferentes opciones y servicios que ofrece. Por ejemplo, las que sirven para el mantenimiento de la sesi\u00f3n, la gesti\u00f3n del tiempo de respuesta, rendimiento o validaci\u00f3n de opciones, utilizar elementos de seguridad, compartir contenido con redes sociales, etc.<\/p>\n<!-- \/wp:paragraph -->\n\n<!-- wp:paragraph -->\n<p>\u2022 Cookies de personalizaci\u00f3n: Estas cookies permiten al usuario especificar o personalizar algunas caracter\u00edsticas de las opciones generales de la p\u00e1gina web, por ejemplo, definir el idioma, configuraci\u00f3n regional o tipo de navegador.<\/p>\n<!-- \/wp:paragraph -->\n\n<!-- wp:paragraph -->\n<p>\u2022 Cookies anal\u00edticas: Las cookies anal\u00edticas son las utilizadas por nuestro portal web, para elaborar perfiles navegaci\u00f3n y poder conocer las preferencias de los usuarios del mismo con el fin de mejorar la oferta de productos y servicios. Por ejemplo, mediante una cookie anal\u00edtica se controlar\u00edan las \u00e1reas geogr\u00e1ficas de mayor inter\u00e9s de un usuario, cu\u00e1l es el producto de m\u00e1s aceptaci\u00f3n, etc.<\/p>\n<!-- \/wp:paragraph -->\n\n<!-- wp:paragraph -->\n<p>\u2022 Cookies publicitarias\/de publicidad: Las cookies publicitarias permiten la gesti\u00f3n de los espacios publicitarios en base a criterios concretos. Por ejemplo, la frecuencia de acceso, el contenido editado, etc. Las cookies de publicidad permiten a trav\u00e9s de la gesti\u00f3n de la publicidad almacenar informaci\u00f3n del comportamiento a trav\u00e9s de la observaci\u00f3n de h\u00e1bitos, estudiando los accesos y formando un perfil de preferencias del usuario, para ofrecer publicidad relacionada con los intereses de su perfil.<\/p>\n<!-- \/wp:paragraph -->\n\n<!-- wp:paragraph -->\n<p><strong>Seg\u00fan plazo:<\/strong><\/p>\n<!-- \/wp:paragraph -->\n\n<!-- wp:paragraph -->\n<p>\u2022 Cookies de sesi\u00f3n: Las cookies de sesi\u00f3n son aquellas que duran el tiempo que el usuario est\u00e1 navegando por la p\u00e1gina web y se borran al t\u00e9rmino.<\/p>\n<!-- \/wp:paragraph -->\n\n<!-- wp:paragraph -->\n<p>\u2022 Cookies persistentes: Estas cookies quedan almacenadas en el terminal del usuario, por un tiempo m\u00e1s largo, facilitando as\u00ed el control de las preferencias elegidas sin tener que repetir ciertos par\u00e1metros cada vez que se visite el sitio web.<\/p>\n<!-- \/wp:paragraph -->\n\n<!-- wp:list {\"ordered\":true,\"start\":4} -->\n<ol start=\"4\"><li><strong>\u00bfY SI NO QUIERO TENER ESTAS COOKIES O NO HAGO NADA AL RESPECTO?<\/strong><\/li><\/ol>\n<!-- \/wp:list -->\n\n<!-- wp:paragraph -->\n<p>Para cumplir con la legislaci\u00f3n vigente, tenemos que pedir su permiso para gestionar cookies. Si decide no autorizar el tratamiento indicando la no conformidad, s\u00f3lo utilizar\u00edamos las cookies t\u00e9cnicas, ya que son imprescindibles para la navegaci\u00f3n por nuestra web. En este caso, no se almacena ninguna cookie. En el caso de seguir navegando por nuestro sitio web sin denegar su autorizaci\u00f3n implica que acepta su uso.<\/p>\n<!-- \/wp:paragraph -->\n\n<!-- wp:paragraph -->\n<p>Tenga en cuenta que si rechaza o borra las cookies de navegaci\u00f3n por la Web, no podremos mantener sus preferencias, algunas caracter\u00edsticas de las p\u00e1ginas no estar\u00e1n operativas, no podremos ofrecerle servicios personalizados y cada vez que vaya a navegar por nuestra web tendremos que solicitar de nuevo su autorizaci\u00f3n para el uso de cookies.<\/p>\n<!-- \/wp:paragraph -->\n\n<!-- wp:paragraph -->\n<p>Si a\u00fan as\u00ed, decide modificar la configuraci\u00f3n de su acceso a la p\u00e1gina web, debe saber que es posible eliminar las cookies o impedir que se registre esta informaci\u00f3n en su equipo en cualquier momento mediante la modificaci\u00f3n de los par\u00e1metros de configuraci\u00f3n de su navegador:<\/p>\n<!-- \/wp:paragraph -->\n\n<!-- wp:list -->\n<ul><li><a href=\"https:\/\/support.microsoft.com\/es-es\/help\/17442\/windows-internet-explorer-delete-manage-cookies\">Configuraci\u00f3n de cookies de Internet Explorer.<\/a><\/li><li><a href=\"https:\/\/support.mozilla.org\/es\/kb\/habilitar-y-deshabilitar-cookies-sitios-web-rastrear-preferencias\">Configuraci\u00f3n de cookies de Firefox.<\/a><\/li><li><a href=\"https:\/\/support.google.com\/chrome\/answer\/95647?co=GENIE.Platform%3DDesktop&amp;hl=es-419\">Configuraci\u00f3n de cookies de Google Chrome.<\/a><\/li><li><a href=\"https:\/\/support.apple.com\/es-es\/guide\/safari\/sfri11471\/mac\">Configuraci\u00f3n de cookies de Safari.<\/a><\/li><\/ul>\n<!-- \/wp:list -->\n\n<!-- wp:paragraph -->\n<p>Estos navegadores est\u00e1n sometidos a cambios o modificaciones, por lo que no podemos garantizar que se ajusten completamente a la versi\u00f3n de su navegador. Tambi\u00e9n puede ser que utilice otro navegador no contemplado en estos enlaces como Konqueror, Arora, Flock, etc. Para evitar estos desajustes, puede acceder directamente desde las opciones de su navegador que se encuentra generalmente en el men\u00fa de Opciones, en la secci\u00f3n de &#8220;Privacidad&#8221;. (Por favor, consulte la ayuda de su navegador para m\u00e1s informaci\u00f3n.)<\/p>\n<!-- \/wp:paragraph -->\n\n<!-- wp:list {\"ordered\":true,\"start\":5} -->\n<ol start=\"5\"><li><strong>\u00bfDONDE PUEDO OBTENER M\u00c1S INFORMACION?<\/strong><\/li><\/ol>\n<!-- \/wp:list -->\n\n<!-- wp:paragraph -->\n<p>Puedes encontrar m\u00e1s informaci\u00f3n sobre cookies en:<br><a href=\"about:blank\">www.allaboutcookies.org<\/a> o <a href=\"about:blank\">www.youronlinechoices.eu.<\/a><\/p>\n<!-- \/wp:paragraph -->\t\t\t\t\t<\/div>\n\t\t\t\t\t\t<\/div>\n\t\t\t\t<\/div>\n\t\t\t\t\t\t<\/div>\n\t\t\t\t\t<\/div>\n\t\t<\/div>\n\t\t\t\t\t\t\t\t<\/div>\n\t\t\t\t\t<\/div>\n\t\t<\/section>\n\t\t\t\t\t\t\t\t\t<\/div>\n\t\t\t<\/div>\n\t\t\t\t\t<\/div>\n\t\t","protected":false},"excerpt":{"rendered":"<p>1.&nbsp;WHAT ARE THE COOKIES? Cookies are small files of data that are received in the terminal from the visited website and are used to register certain interactions of the navigation in a website storing data that can be updated and recovered. These files are stored on the user\u2019s computer and contain anonymous data that is &hellip;<\/p>\n<p class=\"read-more\"> <a class=\"\" href=\"https:\/\/florenciabevilacqua.com\/index.php\/cookies-policy\/\"> <span class=\"screen-reader-text\">Pol\u00edtica de cookies<\/span> Read More &raquo;<\/a><\/p>\n","protected":false},"author":1,"featured_media":0,"parent":0,"menu_order":0,"comment_status":"closed","ping_status":"closed","template":"","meta":{"_uag_custom_page_level_css":""},"uagb_featured_image_src":{"full":false,"thumbnail":false,"medium":false,"medium_large":false,"large":false,"1536x1536":false,"2048x2048":false},"uagb_author_info":{"display_name":"psiflorenciabevilacqua@gmail.com","author_link":"https:\/\/florenciabevilacqua.com\/index.php\/author\/psiflorenciabevilacquagmail-com\/"},"uagb_comment_info":0,"uagb_excerpt":"1.&nbsp;WHAT ARE THE COOKIES? Cookies are small files of data that are received in the terminal from the visited website and are used to register certain interactions of the navigation in a website storing data that can be updated and recovered. These files are stored on the user\u2019s computer and contain anonymous data that is&hellip;","_links":{"self":[{"href":"https:\/\/florenciabevilacqua.com\/index.php\/wp-json\/wp\/v2\/pages\/613"}],"collection":[{"href":"https:\/\/florenciabevilacqua.com\/index.php\/wp-json\/wp\/v2\/pages"}],"about":[{"href":"https:\/\/florenciabevilacqua.com\/index.php\/wp-json\/wp\/v2\/types\/page"}],"author":[{"embeddable":true,"href":"https:\/\/florenciabevilacqua.com\/index.php\/wp-json\/wp\/v2\/users\/1"}],"replies":[{"embeddable":true,"href":"https:\/\/florenciabevilacqua.com\/index.php\/wp-json\/wp\/v2\/comments?post=613"}],"version-history":[{"count":3,"href":"https:\/\/florenciabevilacqua.com\/index.php\/wp-json\/wp\/v2\/pages\/613\/revisions"}],"predecessor-version":[{"id":2907,"href":"https:\/\/florenciabevilacqua.com\/index.php\/wp-json\/wp\/v2\/pages\/613\/revisions\/2907"}],"wp:attachment":[{"href":"https:\/\/florenciabevilacqua.com\/index.php\/wp-json\/wp\/v2\/media?parent=613"}],"curies":[{"name":"wp","href":"https:\/\/api.w.org\/{rel}","templated":true}]}}