{"id":2262,"date":"2022-12-04T11:07:13","date_gmt":"2022-12-04T11:07:13","guid":{"rendered":"https:\/\/florenciabevilacqua.com\/?page_id=2262"},"modified":"2022-12-20T21:56:45","modified_gmt":"2022-12-20T21:56:45","slug":"sobre-mi","status":"publish","type":"page","link":"https:\/\/florenciabevilacqua.com\/index.php\/sobre-mi\/","title":{"rendered":"Sobre m\u00ed"},"content":{"rendered":"\t\t<div data-elementor-type=\"wp-post\" data-elementor-id=\"2262\" class=\"elementor elementor-2262\">\n\t\t\t\t\t\t<div class=\"elementor-inner\">\n\t\t\t\t<div class=\"elementor-section-wrap\">\n\t\t\t\t\t\t\t\t\t<section class=\"elementor-section elementor-top-section elementor-element elementor-element-30eeccf elementor-section-boxed elementor-section-height-default elementor-section-height-default\" data-id=\"30eeccf\" data-element_type=\"section\" data-settings=\"{&quot;background_background&quot;:&quot;classic&quot;}\">\n\t\t\t\t\t\t<div class=\"elementor-container elementor-column-gap-default\">\n\t\t\t\t\t\t\t<div class=\"elementor-row\">\n\t\t\t\t\t<div class=\"elementor-column elementor-col-100 elementor-top-column elementor-element elementor-element-e6c9b19\" data-id=\"e6c9b19\" data-element_type=\"column\">\n\t\t\t<div class=\"elementor-column-wrap elementor-element-populated\">\n\t\t\t\t\t\t\t<div class=\"elementor-widget-wrap\">\n\t\t\t\t\t\t<section class=\"elementor-section elementor-inner-section elementor-element elementor-element-32adf6b elementor-section-boxed elementor-section-height-default elementor-section-height-default\" data-id=\"32adf6b\" data-element_type=\"section\">\n\t\t\t\t\t\t<div class=\"elementor-container elementor-column-gap-default\">\n\t\t\t\t\t\t\t<div class=\"elementor-row\">\n\t\t\t\t\t<div class=\"elementor-column elementor-col-50 elementor-inner-column elementor-element elementor-element-4c42038\" data-id=\"4c42038\" data-element_type=\"column\">\n\t\t\t<div class=\"elementor-column-wrap\">\n\t\t\t\t\t\t\t<div class=\"elementor-widget-wrap\">\n\t\t\t\t\t\t\t\t<\/div>\n\t\t\t\t\t<\/div>\n\t\t<\/div>\n\t\t\t\t<div class=\"elementor-column elementor-col-50 elementor-inner-column elementor-element elementor-element-a14ae96\" data-id=\"a14ae96\" data-element_type=\"column\">\n\t\t\t<div class=\"elementor-column-wrap elementor-element-populated\">\n\t\t\t\t\t\t\t<div class=\"elementor-widget-wrap\">\n\t\t\t\t\t\t<div class=\"elementor-element elementor-element-cbec197 elementor-absolute elementor-widget elementor-widget-text-editor\" data-id=\"cbec197\" data-element_type=\"widget\" data-settings=\"{&quot;_position&quot;:&quot;absolute&quot;}\" data-widget_type=\"text-editor.default\">\n\t\t\t\t<div class=\"elementor-widget-container\">\n\t\t\t\t\t\t\t\t<div class=\"elementor-text-editor elementor-clearfix\">\n\t\t\t\t<p style=\"text-align: right;\"><i><span style=\"font-weight: 400;\">\u00ab<\/span><\/i><i><span style=\"font-weight: 400;\">\u00bfQui\u00e9n ser\u00e1s esta noche en el oscuro sue\u00f1o, del otro lado del muro?<\/span><\/i><i><span style=\"font-weight: 400;\">\u00bb <\/span><\/i><\/p><p style=\"text-align: right;\"><i><span style=\"font-weight: 400;\">Jorge Luis Borges<\/span><\/i><\/p>\t\t\t\t\t<\/div>\n\t\t\t\t\t\t<\/div>\n\t\t\t\t<\/div>\n\t\t\t\t\t\t<\/div>\n\t\t\t\t\t<\/div>\n\t\t<\/div>\n\t\t\t\t\t\t\t\t<\/div>\n\t\t\t\t\t<\/div>\n\t\t<\/section>\n\t\t\t\t<div class=\"elementor-element elementor-element-f27d6db elementor-widget elementor-widget-heading\" data-id=\"f27d6db\" data-element_type=\"widget\" data-widget_type=\"heading.default\">\n\t\t\t\t<div class=\"elementor-widget-container\">\n\t\t\t<h2 class=\"elementor-heading-title elementor-size-default\">Sobre m\u00ed<\/h2>\t\t<\/div>\n\t\t\t\t<\/div>\n\t\t\t\t\t\t<\/div>\n\t\t\t\t\t<\/div>\n\t\t<\/div>\n\t\t\t\t\t\t\t\t<\/div>\n\t\t\t\t\t<\/div>\n\t\t<\/section>\n\t\t\t\t<section class=\"elementor-section elementor-top-section elementor-element elementor-element-1739410 elementor-section-boxed elementor-section-height-default elementor-section-height-default\" data-id=\"1739410\" data-element_type=\"section\">\n\t\t\t\t\t\t<div class=\"elementor-container elementor-column-gap-default\">\n\t\t\t\t\t\t\t<div class=\"elementor-row\">\n\t\t\t\t\t<div class=\"elementor-column elementor-col-100 elementor-top-column elementor-element elementor-element-5d14587\" data-id=\"5d14587\" data-element_type=\"column\">\n\t\t\t<div class=\"elementor-column-wrap elementor-element-populated\">\n\t\t\t\t\t\t\t<div class=\"elementor-widget-wrap\">\n\t\t\t\t\t\t<section class=\"elementor-section elementor-inner-section elementor-element elementor-element-0f776c9 elementor-section-boxed elementor-section-height-default elementor-section-height-default\" data-id=\"0f776c9\" data-element_type=\"section\">\n\t\t\t\t\t\t<div class=\"elementor-container elementor-column-gap-default\">\n\t\t\t\t\t\t\t<div class=\"elementor-row\">\n\t\t\t\t\t<div class=\"elementor-column elementor-col-50 elementor-inner-column elementor-element elementor-element-fba4485\" data-id=\"fba4485\" data-element_type=\"column\">\n\t\t\t<div class=\"elementor-column-wrap elementor-element-populated\">\n\t\t\t\t\t\t\t<div class=\"elementor-widget-wrap\">\n\t\t\t\t\t\t<div class=\"elementor-element elementor-element-b1064b7 elementor-widget elementor-widget-heading\" data-id=\"b1064b7\" data-element_type=\"widget\" data-widget_type=\"heading.default\">\n\t\t\t\t<div class=\"elementor-widget-container\">\n\t\t\t<h2 class=\"elementor-heading-title elementor-size-default\">Sobre m\u00ed<\/h2>\t\t<\/div>\n\t\t\t\t<\/div>\n\t\t\t\t<div class=\"elementor-element elementor-element-e47e622 elementor-widget elementor-widget-text-editor\" data-id=\"e47e622\" data-element_type=\"widget\" data-widget_type=\"text-editor.default\">\n\t\t\t\t<div class=\"elementor-widget-container\">\n\t\t\t\t\t\t\t\t<div class=\"elementor-text-editor elementor-clearfix\">\n\t\t\t\t<p><span style=\"font-weight: 400;\">Me form\u00e9 como psic\u00f3loga y me especialic\u00e9 como psicoterapeuta psicoanal\u00edtica para adultos en M\u00e9xico;\u00a0 luego decid\u00ed continuar mi carrera en Espa\u00f1a, donde me titul\u00e9 como mag\u00edster en Psicoan\u00e1lisis y Cultura. <\/span><\/p><p><span style=\"font-weight: 400;\">Cuento con m\u00e1s de 15 a\u00f1os de experiencia en ayuda psicol\u00f3gica, difusi\u00f3n del Psicoan\u00e1lisis, estudios culturales y en proyectos de salud mental, tanto comunitaria como para profesionales de la Psicolog\u00eda y disciplinas afines; lo anterior a trav\u00e9s de conferencias, capacitaciones, talleres, trabajo con grupos y la participaci\u00f3n en medios de comunicaci\u00f3n como televisi\u00f3n y radio.\u00a0<\/span><\/p><p><span style=\"font-weight: 400;\">Debido al car\u00e1cter internacional de mi carrera y la necesidad inherente a las demandas actuales, empec\u00e9 a formarme en la terapia en l\u00ednea, en un inicio para la comunidad migrante entre M\u00e9xico y Estados Unidos. Lo anterior, a\u00f1adido a mi proceso migratorio de Argentina a M\u00e9xico, mi educaci\u00f3n en cultura, m\u00e1s la atenci\u00f3n especializada a la poblaci\u00f3n extranjera en Barcelona, ha resultado en que mi pr\u00e1ctica est\u00e9 atravesada por una mirada abierta y diversa a nivel cultural. <\/span><\/p><p><span style=\"font-weight: 400;\">Actualmente, llevo a cabo mi pr\u00e1ctica presencial como psicoanalista en el centro de Barcelona, y trabajo en l\u00ednea con gente de diferentes partes del mundo, tanto en ingl\u00e9s como en espa\u00f1ol. Tambi\u00e9n imparto clases de Psicolog\u00eda para estudiantes de intercambio de diferentes universidades de Estados Unidos.\u00a0<\/span><\/p>\t\t\t\t\t<\/div>\n\t\t\t\t\t\t<\/div>\n\t\t\t\t<\/div>\n\t\t\t\t\t\t<\/div>\n\t\t\t\t\t<\/div>\n\t\t<\/div>\n\t\t\t\t<div class=\"elementor-column elementor-col-50 elementor-inner-column elementor-element elementor-element-6bb4838\" data-id=\"6bb4838\" data-element_type=\"column\">\n\t\t\t<div class=\"elementor-column-wrap elementor-element-populated\">\n\t\t\t\t\t\t\t<div class=\"elementor-widget-wrap\">\n\t\t\t\t\t\t<div class=\"elementor-element elementor-element-2d3082d elementor-widget elementor-widget-image\" data-id=\"2d3082d\" data-element_type=\"widget\" data-widget_type=\"image.default\">\n\t\t\t\t<div class=\"elementor-widget-container\">\n\t\t\t\t\t\t\t\t<div class=\"elementor-image\">\n\t\t\t\t\t\t\t\t\t\t\t\t<img decoding=\"async\" width=\"1080\" height=\"1620\" src=\"https:\/\/florenciabevilacqua.com\/wp-content\/uploads\/2022\/12\/CQF_Florencia-Linkedin_2022-8587_baja.jpg\" class=\"attachment-full size-full wp-image-2677\" alt=\"\" loading=\"lazy\" srcset=\"https:\/\/florenciabevilacqua.com\/wp-content\/uploads\/2022\/12\/CQF_Florencia-Linkedin_2022-8587_baja.jpg 1080w, https:\/\/florenciabevilacqua.com\/wp-content\/uploads\/2022\/12\/CQF_Florencia-Linkedin_2022-8587_baja-200x300.jpg 200w, https:\/\/florenciabevilacqua.com\/wp-content\/uploads\/2022\/12\/CQF_Florencia-Linkedin_2022-8587_baja-683x1024.jpg 683w, https:\/\/florenciabevilacqua.com\/wp-content\/uploads\/2022\/12\/CQF_Florencia-Linkedin_2022-8587_baja-768x1152.jpg 768w, https:\/\/florenciabevilacqua.com\/wp-content\/uploads\/2022\/12\/CQF_Florencia-Linkedin_2022-8587_baja-1024x1536.jpg 1024w\" sizes=\"(max-width: 1080px) 100vw, 1080px\" \/>\t\t\t\t\t\t\t\t\t\t\t\t\t\t<\/div>\n\t\t\t\t\t\t<\/div>\n\t\t\t\t<\/div>\n\t\t\t\t\t\t<\/div>\n\t\t\t\t\t<\/div>\n\t\t<\/div>\n\t\t\t\t\t\t\t\t<\/div>\n\t\t\t\t\t<\/div>\n\t\t<\/section>\n\t\t\t\t\t\t<\/div>\n\t\t\t\t\t<\/div>\n\t\t<\/div>\n\t\t\t\t\t\t\t\t<\/div>\n\t\t\t\t\t<\/div>\n\t\t<\/section>\n\t\t\t\t<section class=\"elementor-section elementor-top-section elementor-element elementor-element-a173991 elementor-section-content-middle elementor-section-boxed elementor-section-height-default elementor-section-height-default\" data-id=\"a173991\" data-element_type=\"section\">\n\t\t\t\t\t\t<div class=\"elementor-container elementor-column-gap-no\">\n\t\t\t\t\t\t\t<div class=\"elementor-row\">\n\t\t\t\t\t<div class=\"elementor-column elementor-col-100 elementor-top-column elementor-element elementor-element-c85abef\" data-id=\"c85abef\" data-element_type=\"column\">\n\t\t\t<div class=\"elementor-column-wrap elementor-element-populated\">\n\t\t\t\t\t\t\t<div class=\"elementor-widget-wrap\">\n\t\t\t\t\t\t<div class=\"elementor-element elementor-element-fb87bdf elementor-widget elementor-widget-heading\" data-id=\"fb87bdf\" data-element_type=\"widget\" data-widget_type=\"heading.default\">\n\t\t\t\t<div class=\"elementor-widget-container\">\n\t\t\t<h2 class=\"elementor-heading-title elementor-size-default\">Trayectoria acad\u00e9mica<\/h2>\t\t<\/div>\n\t\t\t\t<\/div>\n\t\t\t\t\t\t<\/div>\n\t\t\t\t\t<\/div>\n\t\t<\/div>\n\t\t\t\t\t\t\t\t<\/div>\n\t\t\t\t\t<\/div>\n\t\t<\/section>\n\t\t\t\t<section class=\"elementor-section elementor-top-section elementor-element elementor-element-4349a56 elementor-section-boxed elementor-section-height-default elementor-section-height-default\" data-id=\"4349a56\" data-element_type=\"section\">\n\t\t\t\t\t\t<div class=\"elementor-container elementor-column-gap-default\">\n\t\t\t\t\t\t\t<div class=\"elementor-row\">\n\t\t\t\t\t<div class=\"elementor-column elementor-col-33 elementor-top-column elementor-element elementor-element-9b941c7\" data-id=\"9b941c7\" data-element_type=\"column\">\n\t\t\t<div class=\"elementor-column-wrap elementor-element-populated\">\n\t\t\t\t\t\t\t<div class=\"elementor-widget-wrap\">\n\t\t\t\t\t\t<div class=\"elementor-element elementor-element-bb1b3a5 elementor-view-default elementor-widget elementor-widget-icon\" data-id=\"bb1b3a5\" data-element_type=\"widget\" data-widget_type=\"icon.default\">\n\t\t\t\t<div class=\"elementor-widget-container\">\n\t\t\t\t\t<div class=\"elementor-icon-wrapper\">\n\t\t\t<div class=\"elementor-icon\">\n\t\t\t<i aria-hidden=\"true\" class=\"icon icon-graduation-hat\"><\/i>\t\t\t<\/div>\n\t\t<\/div>\n\t\t\t\t<\/div>\n\t\t\t\t<\/div>\n\t\t\t\t<div class=\"elementor-element elementor-element-d939cfd elementor-widget elementor-widget-heading\" data-id=\"d939cfd\" data-element_type=\"widget\" data-widget_type=\"heading.default\">\n\t\t\t\t<div class=\"elementor-widget-container\">\n\t\t\t<h4 class=\"elementor-heading-title elementor-size-default\">Licenciada en <br>Psicolog\u00eda<\/h4>\t\t<\/div>\n\t\t\t\t<\/div>\n\t\t\t\t<div class=\"elementor-element elementor-element-fa17ee3 elementor-widget elementor-widget-text-editor\" data-id=\"fa17ee3\" data-element_type=\"widget\" data-widget_type=\"text-editor.default\">\n\t\t\t\t<div class=\"elementor-widget-container\">\n\t\t\t\t\t\t\t\t<div class=\"elementor-text-editor elementor-clearfix\">\n\t\t\t\t<p>Universidad Regiomontana<\/p>\t\t\t\t\t<\/div>\n\t\t\t\t\t\t<\/div>\n\t\t\t\t<\/div>\n\t\t\t\t\t\t<\/div>\n\t\t\t\t\t<\/div>\n\t\t<\/div>\n\t\t\t\t<div class=\"elementor-column elementor-col-33 elementor-top-column elementor-element elementor-element-1377a12\" data-id=\"1377a12\" data-element_type=\"column\">\n\t\t\t<div class=\"elementor-column-wrap elementor-element-populated\">\n\t\t\t\t\t\t\t<div class=\"elementor-widget-wrap\">\n\t\t\t\t\t\t<div class=\"elementor-element elementor-element-7893aed elementor-view-default elementor-widget elementor-widget-icon\" data-id=\"7893aed\" data-element_type=\"widget\" data-widget_type=\"icon.default\">\n\t\t\t\t<div class=\"elementor-widget-container\">\n\t\t\t\t\t<div class=\"elementor-icon-wrapper\">\n\t\t\t<div class=\"elementor-icon\">\n\t\t\t<i aria-hidden=\"true\" class=\"icon icon-graduation-hat\"><\/i>\t\t\t<\/div>\n\t\t<\/div>\n\t\t\t\t<\/div>\n\t\t\t\t<\/div>\n\t\t\t\t<div class=\"elementor-element elementor-element-e0921a8 elementor-widget elementor-widget-heading\" data-id=\"e0921a8\" data-element_type=\"widget\" data-widget_type=\"heading.default\">\n\t\t\t\t<div class=\"elementor-widget-container\">\n\t\t\t<h4 class=\"elementor-heading-title elementor-size-default\">Maestra en Psicoterapia Psicoanal\u00edtica para Adultos<\/h4>\t\t<\/div>\n\t\t\t\t<\/div>\n\t\t\t\t<div class=\"elementor-element elementor-element-38d0c6e elementor-widget elementor-widget-text-editor\" data-id=\"38d0c6e\" data-element_type=\"widget\" data-widget_type=\"text-editor.default\">\n\t\t\t\t<div class=\"elementor-widget-container\">\n\t\t\t\t\t\t\t\t<div class=\"elementor-text-editor elementor-clearfix\">\n\t\t\t\t<p>Asociaci\u00f3n Regiomontana de Psicoan\u00e1lisis<\/p>\t\t\t\t\t<\/div>\n\t\t\t\t\t\t<\/div>\n\t\t\t\t<\/div>\n\t\t\t\t\t\t<\/div>\n\t\t\t\t\t<\/div>\n\t\t<\/div>\n\t\t\t\t<div class=\"elementor-column elementor-col-33 elementor-top-column elementor-element elementor-element-527b5b4\" data-id=\"527b5b4\" data-element_type=\"column\">\n\t\t\t<div class=\"elementor-column-wrap elementor-element-populated\">\n\t\t\t\t\t\t\t<div class=\"elementor-widget-wrap\">\n\t\t\t\t\t\t<div class=\"elementor-element elementor-element-3ccdaad elementor-view-default elementor-widget elementor-widget-icon\" data-id=\"3ccdaad\" data-element_type=\"widget\" data-widget_type=\"icon.default\">\n\t\t\t\t<div class=\"elementor-widget-container\">\n\t\t\t\t\t<div class=\"elementor-icon-wrapper\">\n\t\t\t<div class=\"elementor-icon\">\n\t\t\t<i aria-hidden=\"true\" class=\"icon icon-graduation-hat\"><\/i>\t\t\t<\/div>\n\t\t<\/div>\n\t\t\t\t<\/div>\n\t\t\t\t<\/div>\n\t\t\t\t<div class=\"elementor-element elementor-element-b50a454 elementor-widget elementor-widget-heading\" data-id=\"b50a454\" data-element_type=\"widget\" data-widget_type=\"heading.default\">\n\t\t\t\t<div class=\"elementor-widget-container\">\n\t\t\t<h4 class=\"elementor-heading-title elementor-size-default\">Maestra En Psicoan\u00e1lisis y Teor\u00eda de la Cultura<\/h4>\t\t<\/div>\n\t\t\t\t<\/div>\n\t\t\t\t<div class=\"elementor-element elementor-element-3afd5b6 elementor-widget elementor-widget-text-editor\" data-id=\"3afd5b6\" data-element_type=\"widget\" data-widget_type=\"text-editor.default\">\n\t\t\t\t<div class=\"elementor-widget-container\">\n\t\t\t\t\t\t\t\t<div class=\"elementor-text-editor elementor-clearfix\">\n\t\t\t\t<p>Universidad Complutense de Madrid<\/p>\t\t\t\t\t<\/div>\n\t\t\t\t\t\t<\/div>\n\t\t\t\t<\/div>\n\t\t\t\t\t\t<\/div>\n\t\t\t\t\t<\/div>\n\t\t<\/div>\n\t\t\t\t\t\t\t\t<\/div>\n\t\t\t\t\t<\/div>\n\t\t<\/section>\n\t\t\t\t<section class=\"elementor-section elementor-top-section elementor-element elementor-element-72f5571 elementor-section-boxed elementor-section-height-default elementor-section-height-default\" data-id=\"72f5571\" data-element_type=\"section\">\n\t\t\t\t\t\t<div class=\"elementor-container elementor-column-gap-default\">\n\t\t\t\t\t\t\t<div class=\"elementor-row\">\n\t\t\t\t\t<div class=\"elementor-column elementor-col-100 elementor-top-column elementor-element elementor-element-fa41181\" data-id=\"fa41181\" data-element_type=\"column\">\n\t\t\t<div class=\"elementor-column-wrap elementor-element-populated\">\n\t\t\t\t\t\t\t<div class=\"elementor-widget-wrap\">\n\t\t\t\t\t\t<div class=\"elementor-element elementor-element-f6aa2dd elementor-widget elementor-widget-image\" data-id=\"f6aa2dd\" data-element_type=\"widget\" data-widget_type=\"image.default\">\n\t\t\t\t<div class=\"elementor-widget-container\">\n\t\t\t\t\t\t\t\t<div class=\"elementor-image\">\n\t\t\t\t\t\t\t\t\t\t\t\t<img decoding=\"async\" width=\"300\" height=\"24\" src=\"https:\/\/florenciabevilacqua.com\/wp-content\/uploads\/2022\/12\/rulitomostaza-1-300x24.png\" class=\"attachment-medium size-medium wp-image-2438\" alt=\"\" loading=\"lazy\" srcset=\"https:\/\/florenciabevilacqua.com\/wp-content\/uploads\/2022\/12\/rulitomostaza-1-300x24.png 300w, https:\/\/florenciabevilacqua.com\/wp-content\/uploads\/2022\/12\/rulitomostaza-1-768x62.png 768w, https:\/\/florenciabevilacqua.com\/wp-content\/uploads\/2022\/12\/rulitomostaza-1.png 1019w\" sizes=\"(max-width: 300px) 100vw, 300px\" \/>\t\t\t\t\t\t\t\t\t\t\t\t\t\t<\/div>\n\t\t\t\t\t\t<\/div>\n\t\t\t\t<\/div>\n\t\t\t\t<div class=\"elementor-element elementor-element-e0b26bf elementor-widget elementor-widget-text-editor\" data-id=\"e0b26bf\" data-element_type=\"widget\" data-widget_type=\"text-editor.default\">\n\t\t\t\t<div class=\"elementor-widget-container\">\n\t\t\t\t\t\t\t\t<div class=\"elementor-text-editor elementor-clearfix\">\n\t\t\t\t<p><i>\u201cLa comprensi\u00f3n del psiquismo me ha resultado apasionante desde siempre, y, el entendimiento psicoanal\u00edtico como herramienta de exploraci\u00f3n, me ha dado la oportunidad de tener una experiencia m\u00e1s cercana con todo lo que me rodea. As\u00ed es como siento un profundo compromiso con aquellos que, junto conmigo, se animan a iniciar el camino de autoconocimiento o que buscan ayuda en momentos complejos.\u201d<\/i><\/p>\t\t\t\t\t<\/div>\n\t\t\t\t\t\t<\/div>\n\t\t\t\t<\/div>\n\t\t\t\t\t\t<\/div>\n\t\t\t\t\t<\/div>\n\t\t<\/div>\n\t\t\t\t\t\t\t\t<\/div>\n\t\t\t\t\t<\/div>\n\t\t<\/section>\n\t\t\t\t\t\t\t\t\t<\/div>\n\t\t\t<\/div>\n\t\t\t\t\t<\/div>\n\t\t","protected":false},"excerpt":{"rendered":"<p>\u00ab\u00bfQui\u00e9n ser\u00e1s esta noche en el oscuro sue\u00f1o, del otro lado del muro?\u00bb Jorge Luis Borges Sobre m\u00ed Sobre m\u00ed Me form\u00e9 como psic\u00f3loga y me especialic\u00e9 como psicoterapeuta psicoanal\u00edtica para adultos en M\u00e9xico;\u00a0 luego decid\u00ed continuar mi carrera en Espa\u00f1a, donde me titul\u00e9 como mag\u00edster en Psicoan\u00e1lisis y Cultura. Cuento con m\u00e1s de 15 &hellip;<\/p>\n<p class=\"read-more\"> <a class=\"\" href=\"https:\/\/florenciabevilacqua.com\/index.php\/sobre-mi\/\"> <span class=\"screen-reader-text\">Sobre m\u00ed<\/span> Read More &raquo;<\/a><\/p>\n","protected":false},"author":1,"featured_media":0,"parent":0,"menu_order":0,"comment_status":"closed","ping_status":"closed","template":"","meta":{"_uag_custom_page_level_css":""},"uagb_featured_image_src":{"full":false,"thumbnail":false,"medium":false,"medium_large":false,"large":false,"1536x1536":false,"2048x2048":false},"uagb_author_info":{"display_name":"psiflorenciabevilacqua@gmail.com","author_link":"https:\/\/florenciabevilacqua.com\/index.php\/author\/psiflorenciabevilacquagmail-com\/"},"uagb_comment_info":0,"uagb_excerpt":"\u00ab\u00bfQui\u00e9n ser\u00e1s esta noche en el oscuro sue\u00f1o, del otro lado del muro?\u00bb Jorge Luis Borges Sobre m\u00ed Sobre m\u00ed Me form\u00e9 como psic\u00f3loga y me especialic\u00e9 como psicoterapeuta psicoanal\u00edtica para adultos en M\u00e9xico;\u00a0 luego decid\u00ed continuar mi carrera en Espa\u00f1a, donde me titul\u00e9 como mag\u00edster en Psicoan\u00e1lisis y Cultura. Cuento con m\u00e1s de 15&hellip;","_links":{"self":[{"href":"https:\/\/florenciabevilacqua.com\/index.php\/wp-json\/wp\/v2\/pages\/2262"}],"collection":[{"href":"https:\/\/florenciabevilacqua.com\/index.php\/wp-json\/wp\/v2\/pages"}],"about":[{"href":"https:\/\/florenciabevilacqua.com\/index.php\/wp-json\/wp\/v2\/types\/page"}],"author":[{"embeddable":true,"href":"https:\/\/florenciabevilacqua.com\/index.php\/wp-json\/wp\/v2\/users\/1"}],"replies":[{"embeddable":true,"href":"https:\/\/florenciabevilacqua.com\/index.php\/wp-json\/wp\/v2\/comments?post=2262"}],"version-history":[{"count":154,"href":"https:\/\/florenciabevilacqua.com\/index.php\/wp-json\/wp\/v2\/pages\/2262\/revisions"}],"predecessor-version":[{"id":2978,"href":"https:\/\/florenciabevilacqua.com\/index.php\/wp-json\/wp\/v2\/pages\/2262\/revisions\/2978"}],"wp:attachment":[{"href":"https:\/\/florenciabevilacqua.com\/index.php\/wp-json\/wp\/v2\/media?parent=2262"}],"curies":[{"name":"wp","href":"https:\/\/api.w.org\/{rel}","templated":true}]}}